{"id":125,"date":"2025-08-13T18:49:43","date_gmt":"2025-08-13T18:49:43","guid":{"rendered":"https:\/\/filosofiaysimbolismo.org.ar\/aaefs\/?page_id=125"},"modified":"2025-08-13T18:59:42","modified_gmt":"2025-08-13T18:59:42","slug":"eventos","status":"publish","type":"page","link":"https:\/\/filosofiaysimbolismo.org.ar\/aaefs\/eventos\/","title":{"rendered":"Eventos"},"content":{"rendered":"\n<figure class=\"wp-block-image size-large\"><img loading=\"lazy\" decoding=\"async\" width=\"1024\" height=\"1024\" src=\"https:\/\/filosofiaysimbolismo.org.ar\/aaefs\/wp-content\/uploads\/2025\/08\/1-1024x1024.png\" alt=\"\" class=\"wp-image-126\" srcset=\"https:\/\/filosofiaysimbolismo.org.ar\/aaefs\/wp-content\/uploads\/2025\/08\/1-1024x1024.png 1024w, https:\/\/filosofiaysimbolismo.org.ar\/aaefs\/wp-content\/uploads\/2025\/08\/1-300x300.png 300w, https:\/\/filosofiaysimbolismo.org.ar\/aaefs\/wp-content\/uploads\/2025\/08\/1-150x150.png 150w, https:\/\/filosofiaysimbolismo.org.ar\/aaefs\/wp-content\/uploads\/2025\/08\/1-768x768.png 768w, https:\/\/filosofiaysimbolismo.org.ar\/aaefs\/wp-content\/uploads\/2025\/08\/1.png 1080w\" sizes=\"auto, (max-width: 1024px) 100vw, 1024px\" \/><\/figure>\n\n\n\n<h2 class=\"wp-block-heading has-medium-font-size\">Conferencia P\u00fablica<\/h2>\n\n\n\n<h2 class=\"wp-block-heading\">Jos\u00e9 de San Mart\u00edn: Conferencia y Revoluci\u00f3n en Am\u00e9rica del Sur<br><\/h2>\n\n\n\n<p>En el marco de un nuevo aniversario del paso a la inmortalidad del Libertador, la <strong>Academia de Altos Estudios Filos\u00f3ficos y Simb\u00f3licos<\/strong> invita a la conferencia p\u00fablica <em>\u201cJos\u00e9 de San Mart\u00edn: Masoner\u00eda y Revoluci\u00f3n en Am\u00e9rica del Sur\u201d<\/em>, un encuentro que propone explorar la dimensi\u00f3n menos conocida del pr\u00f3cer: su condici\u00f3n de Mas\u00f3n y la influencia de los ideales mas\u00f3nicos en la gesta independentista sudamericana. A trav\u00e9s de un an\u00e1lisis hist\u00f3rico y simb\u00f3lico, se abordar\u00e1 c\u00f3mo la fraternidad, la libertad y la igualdad \u2014principios rectores de la Masoner\u00eda\u2014 se entrelazaron con la visi\u00f3n estrat\u00e9gica y pol\u00edtica de San Mart\u00edn, contribuyendo a la concreci\u00f3n de un proyecto emancipador continental. Un evento presencial con cupos limitados que permitir\u00e1 a los asistentes adentrarse en el legado filos\u00f3fico y simb\u00f3lico que inspir\u00f3 una de las p\u00e1ginas m\u00e1s trascendentes de nuestra historia.<\/p>\n\n\n\n<h2 class=\"wp-block-heading has-medium-font-size\">Fecha: MARTES 20 de Agosto de 2025<\/h2>\n\n\n\n<h2 class=\"wp-block-heading has-medium-font-size\">Lugar: BOUCHARD 644 1er piso &#8211; Ciudad Aut\u00f3noma de Buenos Aires<\/h2>\n\n\n\n<p>Evento presencial &#8211; Cupos Limitados<br>Entrada General: AR$ 10000.-<br>Certificaci\u00f3n acad\u00e9mica: AR$ 5000.-<\/p>\n\n\n\n<div class=\"wp-block-buttons is-layout-flex wp-block-buttons-is-layout-flex\" id=\"https:\/\/docs.google.com\/forms\/d\/e\/1FAIpQLSfjiTAvAkcwJu6iU68vHMdOeYRZ6BZGS9zfXCE1RKr_3F3H_Q\/viewform\">\n<div class=\"wp-block-button\" id=\"https:\/\/docs.google.com\/forms\/d\/e\/1FAIpQLSfjiTAvAkcwJu6iU68vHMdOeYRZ6BZGS9zfXCE1RKr_3F3H_Q\/viewform\"><a class=\"wp-block-button__link wp-element-button\" href=\"https:\/\/docs.google.com\/forms\/d\/e\/1FAIpQLSfjiTAvAkcwJu6iU68vHMdOeYRZ6BZGS9zfXCE1RKr_3F3H_Q\/viewform?usp=header\">RESERVE SU LUGAR<\/a><\/div>\n<\/div>\n\n\n\n<p><\/p>\n","protected":false},"excerpt":{"rendered":"<p>Conferencia P\u00fablica Jos\u00e9 de San Mart\u00edn: Conferencia y Revoluci\u00f3n en Am\u00e9rica del Sur En el marco de un nuevo aniversario del paso a la inmortalidad [&hellip;]<\/p>\n","protected":false},"author":1,"featured_media":0,"parent":0,"menu_order":0,"comment_status":"closed","ping_status":"closed","template":"","meta":{"footnotes":""},"class_list":["post-125","page","type-page","status-publish","hentry"],"_links":{"self":[{"href":"https:\/\/filosofiaysimbolismo.org.ar\/aaefs\/wp-json\/wp\/v2\/pages\/125","targetHints":{"allow":["GET"]}}],"collection":[{"href":"https:\/\/filosofiaysimbolismo.org.ar\/aaefs\/wp-json\/wp\/v2\/pages"}],"about":[{"href":"https:\/\/filosofiaysimbolismo.org.ar\/aaefs\/wp-json\/wp\/v2\/types\/page"}],"author":[{"embeddable":true,"href":"https:\/\/filosofiaysimbolismo.org.ar\/aaefs\/wp-json\/wp\/v2\/users\/1"}],"replies":[{"embeddable":true,"href":"https:\/\/filosofiaysimbolismo.org.ar\/aaefs\/wp-json\/wp\/v2\/comments?post=125"}],"version-history":[{"count":4,"href":"https:\/\/filosofiaysimbolismo.org.ar\/aaefs\/wp-json\/wp\/v2\/pages\/125\/revisions"}],"predecessor-version":[{"id":131,"href":"https:\/\/filosofiaysimbolismo.org.ar\/aaefs\/wp-json\/wp\/v2\/pages\/125\/revisions\/131"}],"wp:attachment":[{"href":"https:\/\/filosofiaysimbolismo.org.ar\/aaefs\/wp-json\/wp\/v2\/media?parent=125"}],"curies":[{"name":"wp","href":"https:\/\/api.w.org\/{rel}","templated":true}]}}