{"id":85,"date":"2025-04-30T12:00:25","date_gmt":"2025-04-30T12:00:25","guid":{"rendered":"https:\/\/filosofiaysimbolismo.org.ar\/aaefs\/?page_id=85"},"modified":"2025-05-19T00:29:15","modified_gmt":"2025-05-19T00:29:15","slug":"instituto","status":"publish","type":"page","link":"https:\/\/filosofiaysimbolismo.org.ar\/aaefs\/instituto\/","title":{"rendered":"Instituto"},"content":{"rendered":"\n<p>Contamos con la formaci\u00f3n del Instituto Universitario &#8220;Sapientia&#8221;.<\/p>\n\n\n\n<p>Director: Dr. Jorge Cornejo<\/p>\n\n\n\n<p>Director Acad\u00e9mico: Prof. Ricardo Romero<\/p>\n\n\n\n<p>Director Ejecutivo: Lic. Jorge Cabezas.<\/p>\n\n\n\n<figure class=\"wp-block-image size-full\"><img loading=\"lazy\" decoding=\"async\" width=\"1152\" height=\"864\" src=\"https:\/\/filosofiaysimbolismo.org.ar\/aaefs\/wp-content\/uploads\/2025\/05\/WhatsApp-Image-2025-05-18-at-9.14.36-PM.jpeg\" alt=\"\" class=\"wp-image-116\" srcset=\"https:\/\/filosofiaysimbolismo.org.ar\/aaefs\/wp-content\/uploads\/2025\/05\/WhatsApp-Image-2025-05-18-at-9.14.36-PM.jpeg 1152w, https:\/\/filosofiaysimbolismo.org.ar\/aaefs\/wp-content\/uploads\/2025\/05\/WhatsApp-Image-2025-05-18-at-9.14.36-PM-300x225.jpeg 300w, https:\/\/filosofiaysimbolismo.org.ar\/aaefs\/wp-content\/uploads\/2025\/05\/WhatsApp-Image-2025-05-18-at-9.14.36-PM-1024x768.jpeg 1024w, https:\/\/filosofiaysimbolismo.org.ar\/aaefs\/wp-content\/uploads\/2025\/05\/WhatsApp-Image-2025-05-18-at-9.14.36-PM-768x576.jpeg 768w, https:\/\/filosofiaysimbolismo.org.ar\/aaefs\/wp-content\/uploads\/2025\/05\/WhatsApp-Image-2025-05-18-at-9.14.36-PM-360x270.jpeg 360w\" sizes=\"auto, (max-width: 1152px) 100vw, 1152px\" \/><\/figure>\n\n\n\n<div class=\"wp-block-group alignfull\" style=\"margin-top:0px;margin-bottom:0px\"><div class=\"wp-block-group__inner-container is-layout-flow wp-block-group-is-layout-flow\">\n<div class=\"wp-block-cover alignfull\" style=\"min-height:300px;aspect-ratio:unset;\"><span aria-hidden=\"true\" class=\"wp-block-cover__background has-background-dim-90 has-background-dim\" style=\"background-color:#27808c\"><\/span><div class=\"wp-block-cover__inner-container is-layout-flow wp-block-cover-is-layout-flow\">\n<div class=\"wp-block-group alignwide\"><div class=\"wp-block-group__inner-container is-layout-constrained wp-block-group-is-layout-constrained\"><h1 class=\"has-text-align-center alignwide wp-block-post-title has-text-color has-foreground-color has-gigantic-font-size\">Instituto<\/h1><\/div><\/div>\n<\/div><\/div>\n<\/div><\/div>\n\n\n\n<div class=\"wp-block-group alignfull has-background\" style=\"background-color:#f2f2f2;margin-top:0px;margin-bottom:0px;padding-top:70px;padding-bottom:70px\"><div class=\"wp-block-group__inner-container is-layout-constrained wp-container-core-group-is-layout-91a149ee wp-block-group-is-layout-constrained\">\n<div class=\"wp-block-columns has-background is-layout-flex wp-container-core-columns-is-layout-b10947d7 wp-block-columns-is-layout-flex\" style=\"background:linear-gradient(90deg,rgb(242,242,242) 21%,rgb(39,128,140) 21%,rgb(39,128,140) 50%,rgb(242,24,24) 50%,rgb(242,242,242) 50%);padding-top:50px;padding-bottom:50px\">\n<div class=\"wp-block-column is-vertically-aligned-center is-layout-flow wp-block-column-is-layout-flow\">\n<figure class=\"wp-block-image size-full\"><img loading=\"lazy\" decoding=\"async\" width=\"275\" height=\"183\" src=\"https:\/\/filosofiaysimbolismo.org.ar\/aaefs\/wp-content\/uploads\/2025\/04\/image.png\" alt=\"\" class=\"wp-image-90\"\/><\/figure>\n<\/div>\n\n\n\n<div class=\"wp-block-column is-vertically-aligned-center is-layout-flow wp-block-column-is-layout-flow\" style=\"padding-left:50px\">\n<h2 class=\"wp-block-heading has-text-color has-huge-font-size\" style=\"color:#111111;margin-bottom:20px;font-style:normal;font-weight:700\">Altos Estudios Universitarios<\/h2>\n\n\n\n<p style=\"font-size:16px\">Contamos con una propuesta de Alto Nivel Acad\u00e9mico. Con Programas en Convenio con Universidades y entidades nacionales e internacionales.<\/p>\n\n\n\n<div class=\"wp-block-buttons is-layout-flex wp-block-buttons-is-layout-flex\" style=\"margin-top:40px\">\n<div class=\"wp-block-button\"><a class=\"wp-block-button__link has-white-color has-text-color has-background has-custom-font-size wp-element-button\" href=\"https:\/\/www.virtualeducativa.com.ar\/CIEP\/\" style=\"background-color:#27808c;padding-top:12px;padding-right:30px;padding-bottom:12px;padding-left:30px;font-size:16px\" target=\"_blank\" rel=\"noreferrer noopener\">Ir al Sitio<\/a><\/div>\n<\/div>\n<\/div>\n<\/div>\n\n\n\n<div class=\"wp-block-columns has-background is-layout-flex wp-container-core-columns-is-layout-b10947d7 wp-block-columns-is-layout-flex\" style=\"background:linear-gradient(90deg,rgb(242,242,242) 21%,rgb(39,128,140) 21%,rgb(39,128,140) 50%,rgb(242,24,24) 50%,rgb(242,242,242) 50%);padding-top:50px;padding-bottom:50px\">\n<div class=\"wp-block-column is-vertically-aligned-center is-layout-flow wp-block-column-is-layout-flow\">\n<figure class=\"wp-block-image size-full\"><img loading=\"lazy\" decoding=\"async\" width=\"344\" height=\"611\" src=\"https:\/\/filosofiaysimbolismo.org.ar\/aaefs\/wp-content\/uploads\/2023\/12\/image-5.png\" alt=\"\" class=\"wp-image-33\" srcset=\"https:\/\/filosofiaysimbolismo.org.ar\/aaefs\/wp-content\/uploads\/2023\/12\/image-5.png 344w, https:\/\/filosofiaysimbolismo.org.ar\/aaefs\/wp-content\/uploads\/2023\/12\/image-5-169x300.png 169w\" sizes=\"auto, (max-width: 344px) 100vw, 344px\" \/><\/figure>\n<\/div>\n\n\n\n<div class=\"wp-block-column is-vertically-aligned-center is-layout-flow wp-block-column-is-layout-flow\" style=\"padding-left:50px\">\n<h6 class=\"wp-block-heading has-text-align-center has-text-color has-huge-font-size\" style=\"color:#111111;margin-bottom:20px;font-style:normal;font-weight:700\">Grupos de Estudios<\/h6>\n\n\n\n<p>Impulsamos la formaci\u00f3n de Grupos de Estudios y promovemos el desarrollo de investigaciones en diversas \u00e1reas del conocimiento.<\/p>\n\n\n\n<div class=\"wp-block-buttons is-layout-flex wp-block-buttons-is-layout-flex\" style=\"margin-top:40px\">\n<div class=\"wp-block-button\"><a class=\"wp-block-button__link has-white-color has-text-color has-background has-custom-font-size wp-element-button\" href=\"https:\/\/filosofiaysimbolismo.org.ar\/aaefs\/grupos-de-estudio\/\" style=\"background-color:#27808c;padding-top:12px;padding-right:30px;padding-bottom:12px;padding-left:30px;font-size:16px\" target=\"_blank\" rel=\"noreferrer noopener\">Ir al Sitio<\/a><\/div>\n<\/div>\n<\/div>\n<\/div>\n\n\n\n<div class=\"wp-block-columns has-background is-layout-flex wp-container-core-columns-is-layout-b10947d7 wp-block-columns-is-layout-flex\" style=\"background:linear-gradient(90deg,rgb(242,242,242) 21%,rgb(39,128,140) 21%,rgb(39,128,140) 50%,rgb(242,24,24) 50%,rgb(242,242,242) 50%);padding-top:50px;padding-bottom:50px\">\n<div class=\"wp-block-column is-vertically-aligned-center is-layout-flow wp-block-column-is-layout-flow\">\n<figure class=\"wp-block-image size-full\"><img loading=\"lazy\" decoding=\"async\" width=\"680\" height=\"382\" src=\"https:\/\/filosofiaysimbolismo.org.ar\/aaefs\/wp-content\/uploads\/2025\/05\/2025-03-07.webp\" alt=\"\" class=\"wp-image-118\" srcset=\"https:\/\/filosofiaysimbolismo.org.ar\/aaefs\/wp-content\/uploads\/2025\/05\/2025-03-07.webp 680w, https:\/\/filosofiaysimbolismo.org.ar\/aaefs\/wp-content\/uploads\/2025\/05\/2025-03-07-300x169.webp 300w\" sizes=\"auto, (max-width: 680px) 100vw, 680px\" \/><\/figure>\n<\/div>\n\n\n\n<div class=\"wp-block-column is-vertically-aligned-center is-layout-flow wp-block-column-is-layout-flow\" style=\"padding-left:50px\">\n<h2 class=\"wp-block-heading has-text-color has-huge-font-size\" style=\"color:#111111;margin-bottom:20px;font-style:normal;font-weight:700\">Asesor\u00eda Educativa<\/h2>\n\n\n\n<p style=\"font-size:16px\">Profesionales de diferentes \u00e1reas desarrollan actividades de Asesor\u00eda Educativa, conformado por un equipo multidisciplinario de profesionales orientada a dar asesoramiento en diversas \u00e1reas de nivel educativo.<\/p>\n\n\n\n<div class=\"wp-block-buttons is-layout-flex wp-block-buttons-is-layout-flex\" style=\"margin-top:40px\">\n<div class=\"wp-block-button\"><a class=\"wp-block-button__link has-white-color has-text-color has-background has-custom-font-size wp-element-button\" href=\"https:\/\/ciep.ar\/\" style=\"background-color:#27808c;padding-top:12px;padding-right:30px;padding-bottom:12px;padding-left:30px;font-size:16px\" target=\"_blank\" rel=\"noreferrer noopener\">Ir al Sitio<\/a><\/div>\n<\/div>\n<\/div>\n<\/div>\n<\/div><\/div>\n\n\n\n<div class=\"wp-block-columns alignfull is-layout-flex wp-container-core-columns-is-layout-adfb9f59 wp-block-columns-is-layout-flex\" style=\"margin-top:0px;margin-bottom:0px\">\n<div class=\"wp-block-column is-layout-flow wp-block-column-is-layout-flow\" style=\"flex-basis:100%\">\n<div class=\"wp-block-cover alignfull\" style=\"padding-top:0px;padding-right:0px;padding-bottom:0px;padding-left:0px\"><img decoding=\"async\" class=\"wp-block-cover__image-background wp-image-306\" alt=\"\" src=\"https:\/\/filosofiaysimbolismo.org.ar\/aaefs\/wp-content\/themes\/edunation\/images\/default-image-banner.jpg\" data-object-fit=\"cover\"\/><span aria-hidden=\"true\" class=\"wp-block-cover__background has-background-dim-0 has-background-dim\" style=\"background-color:#2374f8\"><\/span><div class=\"wp-block-cover__inner-container is-layout-flow wp-block-cover-is-layout-flow\">\n<div class=\"wp-block-group alignfull\" style=\"margin-top:0px;margin-bottom:0px;padding-top:80px;padding-right:30px;padding-bottom:80px;padding-left:30px\"><div class=\"wp-block-group__inner-container is-layout-constrained wp-container-core-group-is-layout-c7ecc0b0 wp-block-group-is-layout-constrained\">\n<div class=\"wp-block-columns are-vertically-aligned-center has-white-background-color has-background is-layout-flex wp-container-core-columns-is-layout-147c8914 wp-block-columns-is-layout-flex\" style=\"border-radius:15px;padding-top:75px;padding-right:50px;padding-bottom:75px;padding-left:50px\">\n<div class=\"wp-block-column is-vertically-aligned-center is-layout-flow wp-block-column-is-layout-flow\" style=\"padding-top:0px;padding-right:0px;padding-bottom:0px;padding-left:0px\">\n<h2 class=\"wp-block-heading has-black-color has-text-color\" style=\"font-size:40px;font-style:normal;font-weight:800;line-height:1\">Bolet\u00edn<\/h2>\n\n\n\n<p class=\"has-black-color has-text-color\" style=\"line-height:1\">Subscribirse a nuestro Bolet\u00edn<\/p>\n<\/div>\n\n\n\n<div class=\"wp-block-column is-vertically-aligned-center is-layout-flow wp-block-column-is-layout-flow\" style=\"padding-top:0px;padding-right:0px;padding-bottom:0px;padding-left:0px\">\n<div class=\"wp-block-group has-border-color has-black-border-color\" style=\"border-width:1px;border-radius:50px;padding-top:3px;padding-right:6px;padding-bottom:3px;padding-left:6px\"><div class=\"wp-block-group__inner-container is-layout-flow wp-block-group-is-layout-flow\"><form role=\"search\" method=\"get\" action=\"https:\/\/filosofiaysimbolismo.org.ar\/aaefs\/\" class=\"wp-block-search__button-inside wp-block-search__text-button wp-block-search\"    ><label class=\"wp-block-search__label screen-reader-text\" for=\"wp-block-search__input-1\" >Buscar<\/label><div class=\"wp-block-search__inside-wrapper\"  style=\"width: 270px;border-width: 0px;border-style: none;border-radius: calc(50px + 4px)\"><input class=\"wp-block-search__input\" id=\"wp-block-search__input-1\" placeholder=\"Para subscribirse\" value=\"\" type=\"search\" name=\"s\" required  style=\"border-radius: 50px\"\/><button aria-label=\"Enviar Mail\" class=\"wp-block-search__button has-text-color has-white-color has-background wp-element-button\" type=\"submit\"  style=\"border-radius: 50px;background-color: #27808c\">Enviar Mail<\/button><\/div><\/form><\/div><\/div>\n<\/div>\n<\/div>\n<\/div><\/div>\n<\/div><\/div>\n<\/div>\n<\/div>\n\n\n\n<p><\/p>\n","protected":false},"excerpt":{"rendered":"<p>Contamos con la formaci\u00f3n del Instituto Universitario &#8220;Sapientia&#8221;. Director: Dr. Jorge Cornejo Director Acad\u00e9mico: Prof. Ricardo Romero Director Ejecutivo: Lic. Jorge Cabezas. Altos Estudios Universitarios [&hellip;]<\/p>\n","protected":false},"author":1,"featured_media":0,"parent":0,"menu_order":0,"comment_status":"closed","ping_status":"closed","template":"","meta":{"footnotes":""},"class_list":["post-85","page","type-page","status-publish","hentry"],"_links":{"self":[{"href":"https:\/\/filosofiaysimbolismo.org.ar\/aaefs\/wp-json\/wp\/v2\/pages\/85","targetHints":{"allow":["GET"]}}],"collection":[{"href":"https:\/\/filosofiaysimbolismo.org.ar\/aaefs\/wp-json\/wp\/v2\/pages"}],"about":[{"href":"https:\/\/filosofiaysimbolismo.org.ar\/aaefs\/wp-json\/wp\/v2\/types\/page"}],"author":[{"embeddable":true,"href":"https:\/\/filosofiaysimbolismo.org.ar\/aaefs\/wp-json\/wp\/v2\/users\/1"}],"replies":[{"embeddable":true,"href":"https:\/\/filosofiaysimbolismo.org.ar\/aaefs\/wp-json\/wp\/v2\/comments?post=85"}],"version-history":[{"count":7,"href":"https:\/\/filosofiaysimbolismo.org.ar\/aaefs\/wp-json\/wp\/v2\/pages\/85\/revisions"}],"predecessor-version":[{"id":119,"href":"https:\/\/filosofiaysimbolismo.org.ar\/aaefs\/wp-json\/wp\/v2\/pages\/85\/revisions\/119"}],"wp:attachment":[{"href":"https:\/\/filosofiaysimbolismo.org.ar\/aaefs\/wp-json\/wp\/v2\/media?parent=85"}],"curies":[{"name":"wp","href":"https:\/\/api.w.org\/{rel}","templated":true}]}}