{"id":99,"date":"2025-04-30T12:31:42","date_gmt":"2025-04-30T12:31:42","guid":{"rendered":"https:\/\/filosofiaysimbolismo.org.ar\/aaefs\/?page_id=99"},"modified":"2025-04-30T14:48:28","modified_gmt":"2025-04-30T14:48:28","slug":"grupos-de-estudio","status":"publish","type":"page","link":"https:\/\/filosofiaysimbolismo.org.ar\/aaefs\/grupos-de-estudio\/","title":{"rendered":"Grupos de Estudio"},"content":{"rendered":"\n<p>Impulsamos la formaci\u00f3n de Grupos de Estudios y promovemos el desarrollo de investigaciones en diversas \u00e1reas del conocimiento.<\/p>\n\n\n\n<figure class=\"wp-block-table\"><table class=\"has-fixed-layout\"><tbody><tr><td><strong>Grupo de Investigaci\u00f3n de Ciencia Pol\u00edtica<\/strong><br><a href=\"https:\/\/drive.google.com\/file\/d\/1zx3wL1AP74W1zS60Hhwu9I5tjwLPphsm\/view?usp=drivesdk\" target=\"_blank\" rel=\"noreferrer noopener\">Masoner\u00eda y Pol\u00edtica. Aporte filos\u00f3fico de los Ritos Nacionales en Am\u00e9rica Latina<\/a> <\/td><td><a href=\"https:\/\/filosofiaysimbolismo.org.ar\/aaefs\/gicp-masoneria-y-politica\/\">ROMERO R.<\/a><\/td><td><a href=\"https:\/\/cienciapolitica.sociales.uba.ar\/home\/comunidad\/actividades-extracurriculares\/gicp\/inscripcion-grupos-de-investigacion-en-ciencia-politica-2025\/\" target=\"_blank\" rel=\"noreferrer noopener\">Inscribirme a este GICP<\/a><a href=\"https:\/\/filosofiaysimbolismo.org.ar\/aaefs\/gicp-masoneria-y-politica\/\"> <\/a><a href=\"https:\/\/filosofiaysimbolismo.org.ar\/aaefs\/gicp-masoneria-y-politica\/\">https:\/\/filosofiaysimbolismo.org.ar\/aaefs\/gicp-masoneria-y-politica\/<\/a><\/td><\/tr><\/tbody><\/table><\/figure>\n","protected":false},"excerpt":{"rendered":"<p>Impulsamos la formaci\u00f3n de Grupos de Estudios y promovemos el desarrollo de investigaciones en diversas \u00e1reas del conocimiento. Grupo de Investigaci\u00f3n de Ciencia Pol\u00edticaMasoner\u00eda y [&hellip;]<\/p>\n","protected":false},"author":1,"featured_media":0,"parent":0,"menu_order":0,"comment_status":"closed","ping_status":"closed","template":"","meta":{"footnotes":""},"class_list":["post-99","page","type-page","status-publish","hentry"],"_links":{"self":[{"href":"https:\/\/filosofiaysimbolismo.org.ar\/aaefs\/wp-json\/wp\/v2\/pages\/99","targetHints":{"allow":["GET"]}}],"collection":[{"href":"https:\/\/filosofiaysimbolismo.org.ar\/aaefs\/wp-json\/wp\/v2\/pages"}],"about":[{"href":"https:\/\/filosofiaysimbolismo.org.ar\/aaefs\/wp-json\/wp\/v2\/types\/page"}],"author":[{"embeddable":true,"href":"https:\/\/filosofiaysimbolismo.org.ar\/aaefs\/wp-json\/wp\/v2\/users\/1"}],"replies":[{"embeddable":true,"href":"https:\/\/filosofiaysimbolismo.org.ar\/aaefs\/wp-json\/wp\/v2\/comments?post=99"}],"version-history":[{"count":4,"href":"https:\/\/filosofiaysimbolismo.org.ar\/aaefs\/wp-json\/wp\/v2\/pages\/99\/revisions"}],"predecessor-version":[{"id":110,"href":"https:\/\/filosofiaysimbolismo.org.ar\/aaefs\/wp-json\/wp\/v2\/pages\/99\/revisions\/110"}],"wp:attachment":[{"href":"https:\/\/filosofiaysimbolismo.org.ar\/aaefs\/wp-json\/wp\/v2\/media?parent=99"}],"curies":[{"name":"wp","href":"https:\/\/api.w.org\/{rel}","templated":true}]}}